{"id":3572,"date":"2018-04-01T12:49:28","date_gmt":"2018-04-01T10:49:28","guid":{"rendered":"http:\/\/www.jade-race.com\/?post_type=product&#038;p=3572"},"modified":"2026-04-11T23:12:35","modified_gmt":"2026-04-11T21:12:35","slug":"fahrerticket","status":"publish","type":"product","link":"https:\/\/www.jade-race.com\/?product=fahrerticket","title":{"rendered":"Fahrerticket &#8211; Jade-Race 2026"},"content":{"rendered":"<p><strong>Fahrerticket<\/strong>, beinhaltet:<\/p>\n<ul>\n<li>Nenngeb\u00fchr f\u00fcr ein(e) Fahrzeug\/Startnummer<\/li>\n<li>Eintritt f\u00fcr den Fahrer<\/li>\n<li>Eintritt f\u00fcr einen Mechaniker<\/li>\n<li>Campen Fahrerlager (Die Stellfl\u00e4che ist pro Team begrenzt auf 6x12m bzw. ca. 72m\u00b2. Wer wesentlich mehr Fl\u00e4che ben\u00f6tigt, der schreibt uns bitte an <a href=\"mailto:info@jade-race.com\">info@jade-race.com<\/a> eine E-Mail. Ausgenommen sind Sattelz\u00fcge, Reisebusse und Wohnmobile auf LKW Basis)<\/li>\n<li>Stromanschluss (begrenzt verf\u00fcgbar)<\/li>\n<li>Benutzung Toilette und Dusche<\/li>\n<li>10\u20ac M\u00fcllpfand sind am Nennb\u00fcro in Bar zu entrichten und werden bei Abgabe des M\u00fcllsacks nach der Veranstaltung an der Ausfahrt zur\u00fcckerstattet!<\/li>\n<li>Pr\u00e4paration\/Kleben der Strecke<\/li>\n<\/ul>\n<p><span style=\"color: #ff0000\"><strong>Die Ablaufbeschreibung zur Nennung kannst du nach dem Kauf entweder \u00fcber die Bestellbest\u00e4tigungs-E-Mail oder in deinem Profil herunterladen.<\/strong><\/span><\/p>\n<p><span style=\"color: #ff0000\"><strong>Zum Nachweis deiner Fahrbef\u00e4higung ben\u00f6tigen wir vorab eine Kopie oder einen Screenshot deines F\u00fchrerscheins oder alternativ deiner Rennlizenz per E-Mail. Dies ist aus versicherungstechnischen Gr\u00fcnden erforderlich.<\/strong><\/span><\/p>\n<p><span style=\"color: #ff0000\"><strong>Die Nennung ist erst abgeschlossen, sobald das Bewerbungsverfahren von uns best\u00e4tigt wurde \u2013 die Ticketzustellung allein reicht daf\u00fcr nicht aus. Ob du angenommen wurdest, kannst du auf unserer Homepage im Fahrerbereich unter \u201ebest\u00e4tigte Fahrer\u201c einsehen. Sollte deine Bewerbung abgelehnt werden, erh\u00e4ltst du selbstverst\u00e4ndlich eine schriftliche Benachrichtigung von uns.<\/strong><\/span><\/p>\n<p><strong>Driverticket<\/strong>, comprised:<\/p>\n<ul>\n<li>Nounce fee for one car\/startnumber<\/li>\n<li>Entree for the driver<\/li>\n<li>Entree for one mechanic<\/li>\n<li>Camping in the driverbox (The floor space per team is limited to 6x12m or approx. 72m\u00b2. If you need considerably more space, please send us an e-mail to <a href=\"mailto:info@jade-race.com\">info@jade-race.com<\/a>. Exceptions are articulated lorries, coaches and motorhomes on a truck basis)<\/li>\n<li>connection for power supply&nbsp;(limited aviable)<\/li>\n<li>Free using the toilette and shower<\/li>\n<li>A \u20ac10 garbage deposit must be paid in cash at the race office and will be refunded at the exit when you return the garbage bag after the event!<\/li>\n<li>Trackpreparation<\/li>\n<\/ul>\n<p><span style=\"color: #ff0000\"><strong>After purchase, you can download the registration procedure description either via the order confirmation email or in your profile.<\/strong><\/span><\/p>\n<p><span style=\"color: #ff0000\"><strong>To verify your driving ability, we require a copy or screenshot of your driver&#8217;s license or, alternatively, your racing license in advance via email. This is necessary for insurance reasons.<\/strong><\/span><\/p>\n<p><span style=\"color: #ff0000\"><strong>Registration is only complete once we have confirmed your application \u2013 ticket delivery alone is not sufficient. You can see whether you have been accepted on our homepage in the driver area under \u201cconfirmed drivers.\u201d If your application is rejected, you will of course receive written notification from us.<\/strong><\/span><\/p>\n<p><strong>Bestuurderskaart<\/strong>, bestaande uit:<\/p>\n<ul>\n<li>Nounce-vergoeding voor \u00e9\u00e9n auto \/ startnummer<\/li>\n<li>Entree voor de chauffeur<\/li>\n<li>Entree voor een monteur<\/li>\n<li>Kamperen in de chauffeurskist (Het vloeroppervlak per team is beperkt tot 6x12m of ongeveer 72m\u00b2. Als je aanzienlijk meer ruimte nodig hebt, stuur ons dan een e-mail naar <a href=\"mailto:info@jade-race.com\">info@jade-race.com<\/a>. Uitzonderingen zijn gelede vrachtwagens, touringcars en campers op vrachtwagenbasis)<\/li>\n<li>aansluiting voor voeding (beperkt verkrijgbaar)<\/li>\n<li>Gratis gebruik van het toilet en douche<\/li>\n<li>Bij de registratie moet \u20ac 10 statiegeld voor afval worden betaald. Dit wordt bij het inleveren van de afvalzak na afloop van het evenement bij de uitgang terugbetaald!<\/li>\n<li>Trackpreparation<\/li>\n<\/ul>\n<p><strong><span style=\"color: #ff0000\">Na aankoop kun je de procedure voor inschrijving downloaden via de bevestigingsmail van je bestelling of in je profiel.<\/span><\/strong><\/p>\n<p><strong><span style=\"color: #ff0000\">Om je rijvaardigheid aan te tonen, hebben we vooraf een kopie of screenshot van je rijbewijs of, als alternatief, je racelicentie per e-mail nodig. Dit is om verzekeringstechnische redenen noodzakelijk.<\/span><\/strong><\/p>\n<p><strong><span style=\"color: #ff0000\">De inschrijving is pas voltooid zodra wij de aanmeldingsprocedure hebben bevestigd \u2013 de levering van het ticket alleen is hiervoor niet voldoende. Of je bent toegelaten, kun je zien op onze homepage in het coureursgedeelte onder \u201cbevestigde coureurs\u201d. Als je aanmelding wordt afgewezen, ontvang je uiteraard een schriftelijke kennisgeving van ons.<\/span><\/strong><\/p>\n","protected":false},"excerpt":{"rendered":"<p><strong>Fahrerticket<\/strong>, beinhaltet:<\/p>\n<ul>\n<li>Nenngeb\u00fchr f\u00fcr ein(e) Fahrzeug\/Startnummer<\/li>\n<li>Eintritt f\u00fcr den Fahrer<\/li>\n<li>Eintritt f\u00fcr einen Mechaniker<\/li>\n<li>Campen Fahrerlager (Die Stellfl\u00e4che ist pro Team begrenzt auf 6x12m bzw. ca. 72m\u00b2. Wer wesentlich mehr Fl\u00e4che ben\u00f6tigt, der schreibt uns bitte an <a href=\"mailto:info@jade-race.com\">info@jade-race.com<\/a> eine E-Mail. Ausgenommen sind Sattelz\u00fcge, Reisebusse und Wohnmobile auf LKW Basis)<\/li>\n<li>Stromanschluss (begrenzt verf\u00fcgbar)<\/li>\n<li>Benutzung Toilette und Dusche<\/li>\n<li>10\u20ac M\u00fcllpfand sind am Nennb\u00fcro in Bar zu entrichten und werden bei Abgabe des M\u00fcllsacks nach der Veranstaltung an der Ausfahrt zur\u00fcckerstattet!<\/li>\n<li>Pr\u00e4paration\/Kleben der Strecke<\/li>\n<\/ul>\n<p><span style=\"color: #ff0000\"><strong>Die Ablaufbeschreibung zur Nennung kannst du nach dem Kauf entweder \u00fcber die Bestellbest\u00e4tigungs-E-Mail oder in deinem Profil herunterladen.<\/strong><\/span><\/p>\n<p><span style=\"color: #ff0000\"><strong>Zum Nachweis deiner Fahrbef\u00e4higung ben\u00f6tigen wir vorab eine Kopie oder einen Screenshot deines F\u00fchrerscheins oder alternativ deiner Rennlizenz per E-Mail. Dies ist aus versicherungstechnischen Gr\u00fcnden erforderlich.<\/strong><\/span><\/p>\n<p><span style=\"color: #ff0000\"><strong>Die Nennung ist erst abgeschlossen, sobald das Bewerbungsverfahren von uns best\u00e4tigt wurde \u2013 die Ticketzustellung allein reicht daf\u00fcr nicht aus. Ob du angenommen wurdest, kannst du auf unserer Homepage im Fahrerbereich unter \u201ebest\u00e4tigte Fahrer\u201c einsehen. Sollte deine Bewerbung abgelehnt werden, erh\u00e4ltst du selbstverst\u00e4ndlich eine schriftliche Benachrichtigung von uns.<\/strong><\/span><\/p>\n<p>&nbsp;<\/p>\n<p><strong>Driverticket<\/strong>, comprised:<\/p>\n<ul>\n<li>Nounce fee for one car\/startnumber<\/li>\n<li>Entree for the driver<\/li>\n<li>Entree for one mechanic<\/li>\n<li>Camping in the driverbox (The floor space per team is limited to 6x12m or approx. 72m\u00b2. If you need considerably more space, please send us an e-mail to <a href=\"mailto:info@jade-race.com\">info@jade-race.com<\/a>. Exceptions are articulated lorries, coaches and motorhomes on a truck basis)<\/li>\n<li>connection for power supply&nbsp;(limited aviable)<\/li>\n<li>Free using the toilette and shower<\/li>\n<li>A \u20ac10 garbage deposit must be paid in cash at the race office and will be refunded at the exit when you return the garbage bag after the event!<\/li>\n<li>Trackpreparation<\/li>\n<\/ul>\n<p><span style=\"color: #ff0000\"><strong>After purchase, you can download the registration procedure description either via the order confirmation email or in your profile.<\/strong><\/span><\/p>\n<p><span style=\"color: #ff0000\"><strong>To verify your driving ability, we require a copy or screenshot of your driver&#8217;s license or, alternatively, your racing license in advance via email. This is necessary for insurance reasons.<\/strong><\/span><\/p>\n<p><span style=\"color: #ff0000\"><strong>Registration is only complete once we have confirmed your application \u2013 ticket delivery alone is not sufficient. You can see whether you have been accepted on our homepage in the driver area under \u201cconfirmed drivers.\u201d If your application is rejected, you will of course receive written notification from us.<\/strong><\/span><\/p>\n<p><strong>Bestuurderskaart<\/strong>, bestaande uit:<\/p>\n<ul>\n<li>Nounce-vergoeding voor \u00e9\u00e9n auto \/ startnummer<\/li>\n<li>Entree voor de chauffeur<\/li>\n<li>Entree voor een monteur<\/li>\n<li>Kamperen in de chauffeurskist (Het vloeroppervlak per team is beperkt tot 6x12m of ongeveer 72m\u00b2. Als je aanzienlijk meer ruimte nodig hebt, stuur ons dan een e-mail naar <a href=\"mailto:info@jade-race.com\">info@jade-race.com<\/a>. Uitzonderingen zijn gelede vrachtwagens, touringcars en campers op vrachtwagenbasis)<\/li>\n<li>aansluiting voor voeding (beperkt verkrijgbaar)<\/li>\n<li>Gratis gebruik van het toilet en douche<\/li>\n<li>Bij de registratie moet \u20ac 10 statiegeld voor afval worden betaald. Dit wordt bij het inleveren van de afvalzak na afloop van het evenement bij de uitgang terugbetaald!<\/li>\n<li>Trackpreparation<\/li>\n<\/ul>\n<p><strong><span style=\"color: #ff0000\">Na aankoop kun je de procedure voor inschrijving downloaden via de bevestigingsmail van je bestelling of in je profiel.<\/span><\/strong><\/p>\n<p><strong><span style=\"color: #ff0000\">Om je rijvaardigheid aan te tonen, hebben we vooraf een kopie of screenshot van je rijbewijs of, als alternatief, je racelicentie per e-mail nodig. Dit is om verzekeringstechnische redenen noodzakelijk.<\/span><\/strong><\/p>\n<p><strong><span style=\"color: #ff0000\">De inschrijving is pas voltooid zodra wij de aanmeldingsprocedure hebben bevestigd \u2013 de levering van het ticket alleen is hiervoor niet voldoende. Of je bent toegelaten, kun je zien op onze homepage in het coureursgedeelte onder \u201cbevestigde coureurs\u201d. Als je aanmelding wordt afgewezen, ontvang je uiteraard een schriftelijke kennisgeving van ons.<\/span><\/strong><\/p>\n","protected":false},"author":1,"featured_media":6637,"template":"","meta":{"_crdt_document":"","ngg_post_thumbnail":0,"jetpack_post_was_ever_published":false,"jetpack_publicize_message":"","jetpack_publicize_feature_enabled":true,"jetpack_social_post_already_shared":true,"jetpack_social_options":{"image_generator_settings":{"template":"highway","default_image_id":0,"font":"","enabled":false},"version":2}},"product_brand":[],"product_cat":[37],"product_tag":[],"class_list":{"0":"post-3572","1":"product","2":"type-product","3":"status-publish","4":"has-post-thumbnail","6":"product_cat-fahrer-mechaniker","8":"first","9":"instock","10":"sale","11":"downloadable","12":"virtual","13":"taxable","14":"purchasable","15":"product-type-simple"},"jetpack_publicize_connections":[],"jetpack_sharing_enabled":true,"_links":{"self":[{"href":"https:\/\/www.jade-race.com\/index.php?rest_route=\/wp\/v2\/product\/3572","targetHints":{"allow":["GET"]}}],"collection":[{"href":"https:\/\/www.jade-race.com\/index.php?rest_route=\/wp\/v2\/product"}],"about":[{"href":"https:\/\/www.jade-race.com\/index.php?rest_route=\/wp\/v2\/types\/product"}],"author":[{"embeddable":true,"href":"https:\/\/www.jade-race.com\/index.php?rest_route=\/wp\/v2\/users\/1"}],"wp:featuredmedia":[{"embeddable":true,"href":"https:\/\/www.jade-race.com\/index.php?rest_route=\/wp\/v2\/media\/6637"}],"wp:attachment":[{"href":"https:\/\/www.jade-race.com\/index.php?rest_route=%2Fwp%2Fv2%2Fmedia&parent=3572"}],"wp:term":[{"taxonomy":"product_brand","embeddable":true,"href":"https:\/\/www.jade-race.com\/index.php?rest_route=%2Fwp%2Fv2%2Fproduct_brand&post=3572"},{"taxonomy":"product_cat","embeddable":true,"href":"https:\/\/www.jade-race.com\/index.php?rest_route=%2Fwp%2Fv2%2Fproduct_cat&post=3572"},{"taxonomy":"product_tag","embeddable":true,"href":"https:\/\/www.jade-race.com\/index.php?rest_route=%2Fwp%2Fv2%2Fproduct_tag&post=3572"}],"curies":[{"name":"wp","href":"https:\/\/api.w.org\/{rel}","templated":true}]}}