{"id":3571,"date":"2018-04-01T12:40:35","date_gmt":"2018-04-01T10:40:35","guid":{"rendered":"http:\/\/www.jade-race.com\/?post_type=product&#038;p=3571"},"modified":"2026-04-06T21:27:04","modified_gmt":"2026-04-06T19:27:04","slug":"campingticket","status":"publish","type":"product","link":"https:\/\/www.jade-race.com\/?product=campingticket","title":{"rendered":"Campingticket FR+SA+SO &#8211; Jade-Race 2026"},"content":{"rendered":"<p><strong>Campingticket<\/strong>, f\u00fcr ein Wohnmobil\/Wohnwagen oder Zelt, inkl. 1x Eintritt und Campen auf dem Gel\u00e4nde im Campingbereich. F\u00fcr weitere Begleiter muss ein Camping Begleiter Ticket gekauft werden.<\/p>\n<ul>\n<li><em>10\u20ac M\u00fcllpfand sind am Eingang in Bar zu entrichten und werden bei Abgabe des M\u00fcllsacks nach der Veranstaltung an der Ausfahrt zur\u00fcckerstattet!<\/em><\/li>\n<\/ul>\n<p><strong>Campingticket<\/strong>, for a motorhome\/caravan or tent, incl. 1x entree and camping on the campsite. A Camping Companion Ticket must be purchased for additional companions.<\/p>\n<ul>\n<li>A \u20ac10 garbage deposit must be paid in cash at the entrance and will be refunded at the exit when you return the garbage bag after the event!<\/li>\n<\/ul>\n<p><strong>Campingticket<\/strong>, voor een camper\/caravan of tent, incl. 1x entree en kamperen op de camping. Voor extra begeleiders moet een Campingbegeleiderkaartje&nbsp; worden gekocht.<\/p>\n<ul>\n<li>Bij de ingang moet \u20ac 10 statiegeld voor afval worden betaald. Dit wordt bij het inleveren van de afvalzak na afloop van het evenement bij de uitgang terugbetaald!<\/li>\n<\/ul>\n","protected":false},"excerpt":{"rendered":"<p><strong>Campingticket<\/strong>, f\u00fcr ein Wohnmobil\/Wohnwagen oder Zelt, inkl. 1x Eintritt und Campen auf dem Gel\u00e4nde im Campingbereich. F\u00fcr weitere Begleiter muss ein Camping Begleiter Ticket gekauft werden.<\/p>\n<ul>\n<li><em>10\u20ac M\u00fcllpfand sind am Eingang in Bar zu entrichten und werden bei Abgabe des M\u00fcllsacks nach der Veranstaltung an der Ausfahrt zur\u00fcckerstattet!<\/em><\/li>\n<\/ul>\n<p><strong>Campingticket<\/strong>, for a motorhome\/caravan or tent, incl. 1x entree and camping on the campsite. A Camping Companion Ticket must be purchased for additional companions.<\/p>\n<ul>\n<li>A \u20ac10 garbage deposit must be paid in cash at the entrance and will be refunded at the exit when you return the garbage bag after the event!<\/li>\n<\/ul>\n<p><strong>Campingticket<\/strong>, voor een camper\/caravan of tent, incl. 1x entree en kamperen op de camping. Voor extra begeleiders moet een Campingbegeleiderkaartje&nbsp; worden gekocht.<\/p>\n<ul>\n<li>Bij de ingang moet \u20ac 10 statiegeld voor afval worden betaald. Dit wordt bij het inleveren van de afvalzak na afloop van het evenement bij de uitgang terugbetaald!<\/li>\n<\/ul>\n","protected":false},"author":1,"featured_media":6634,"template":"","meta":{"_crdt_document":"","ngg_post_thumbnail":0,"jetpack_post_was_ever_published":false,"jetpack_publicize_message":"","jetpack_publicize_feature_enabled":true,"jetpack_social_post_already_shared":true,"jetpack_social_options":{"image_generator_settings":{"template":"highway","default_image_id":0,"font":"","enabled":false},"version":2}},"product_brand":[],"product_cat":[36],"product_tag":[],"class_list":{"0":"post-3571","1":"product","2":"type-product","3":"status-publish","4":"has-post-thumbnail","6":"product_cat-besucher","8":"first","9":"instock","10":"sale","11":"featured","12":"downloadable","13":"virtual","14":"taxable","15":"purchasable","16":"product-type-simple"},"jetpack_publicize_connections":[],"jetpack_sharing_enabled":true,"_links":{"self":[{"href":"https:\/\/www.jade-race.com\/index.php?rest_route=\/wp\/v2\/product\/3571","targetHints":{"allow":["GET"]}}],"collection":[{"href":"https:\/\/www.jade-race.com\/index.php?rest_route=\/wp\/v2\/product"}],"about":[{"href":"https:\/\/www.jade-race.com\/index.php?rest_route=\/wp\/v2\/types\/product"}],"author":[{"embeddable":true,"href":"https:\/\/www.jade-race.com\/index.php?rest_route=\/wp\/v2\/users\/1"}],"wp:featuredmedia":[{"embeddable":true,"href":"https:\/\/www.jade-race.com\/index.php?rest_route=\/wp\/v2\/media\/6634"}],"wp:attachment":[{"href":"https:\/\/www.jade-race.com\/index.php?rest_route=%2Fwp%2Fv2%2Fmedia&parent=3571"}],"wp:term":[{"taxonomy":"product_brand","embeddable":true,"href":"https:\/\/www.jade-race.com\/index.php?rest_route=%2Fwp%2Fv2%2Fproduct_brand&post=3571"},{"taxonomy":"product_cat","embeddable":true,"href":"https:\/\/www.jade-race.com\/index.php?rest_route=%2Fwp%2Fv2%2Fproduct_cat&post=3571"},{"taxonomy":"product_tag","embeddable":true,"href":"https:\/\/www.jade-race.com\/index.php?rest_route=%2Fwp%2Fv2%2Fproduct_tag&post=3571"}],"curies":[{"name":"wp","href":"https:\/\/api.w.org\/{rel}","templated":true}]}}