{"id":950,"date":"2013-02-25T09:06:34","date_gmt":"2013-02-25T08:06:34","guid":{"rendered":"http:\/\/www.jade-race.de\/?page_id=950"},"modified":"2019-04-14T18:18:50","modified_gmt":"2019-04-14T16:18:50","slug":"einsteiger","status":"publish","type":"page","link":"https:\/\/www.jade-race.com\/?page_id=950","title":{"rendered":"Einsteiger"},"content":{"rendered":"\n<p class=\"wp-block-paragraph\"><strong>Wer sich unsicher f\u00fchlt, aber gerne an unserer Veranstaltung teilnehmen m\u00f6chte, um erstmalig das Erlebnis &#8220;Drag Race Motorsport&#8221; zu erleben, dem helfen wir gerne mit folgender Erkl\u00e4rung weiter:<\/strong><\/p>\n\n\n\n<p class=\"wp-block-paragraph\">Unser Ziel ist es, illegale Stra\u00dfenrennen zu verhindern und die Teilnehmer dazu zu bewegen professionellen Motorsport zu betreiben. Im Drag Race Motorsport geht es vor allem um Sicherheit, einheitliche Regeln die einzuhalten sind und um ein faires Miteinander mit den Sportkameraden.<\/p>\n\n\n\n<h4 class=\"wp-block-heading\"><strong>Doch in welcher Klasse starte ich am besten?<\/strong><\/h4>\n\n\n\n<p class=\"wp-block-paragraph\">Grunds\u00e4tzlich w\u00e4re es w\u00fcnschenswert, wenn der Fahrer sich vorab f\u00fcr eine Klasse entscheiden kann, um sein Fahrzeug entsprechend der Klasse herzurichten. Wer aber \u00fcberhaupt noch keine Erfahrung hat, wie sein Fahrzeug einzusch\u00e4tzen ist und in welche Klasse es f\u00e4llt, schreibt uns am besten eine E-Mail an <a href=\"mailto:nennung@jade-race.com\">nennung@jade-race.com<\/a>. Sag uns deine Fahrzeugdaten und wir geben dir eine Empfehlung f\u00fcr welche Klasse du dich anmeldest. Teile uns hierzu folgende Informationen mit:<\/p>\n\n\n\n<ul class=\"wp-block-list\"><li>Ist das Fahrzeug f\u00fcr den Stra\u00dfenverkehr angemeldet oder handelt es sich um ein nicht angemeldetes Fahrzeug bzw. ist es ein reines Rennfahrzeug?<\/li><li>Wieviel PS\/kw hat das Fahrzeug?<\/li><li>Wieviel wiegt das Fahrzeug?<\/li><li>Hat das Fahrzeug Frontantrieb, Heckantrieb oder aber hat es Allrad?<\/li><li>Was f\u00fcr Umbauten\/Modifikationen wurden am Fahrzeug gemacht (z. B. Turbonachr\u00fcstung)?<\/li><li>Was f\u00fcr Sicherheitsgurte wurden verbaut?<\/li><li>Wo befindet sich Ihre Batterie?<\/li><li>Ist die Batterie dort serienm\u00e4\u00dfig untergebracht?<\/li><li>Hat das Fahrzeug einen \u00dcberrollk\u00e4fig oder aber einen \u00dcberollb\u00fcgel?<\/li><li>Wie hoch ist die H\u00f6chstgeschwindigkeit des Fahrzeugs?<\/li><\/ul>\n\n\n\n<p class=\"wp-block-paragraph\">Oder wenn du nur mal testen m\u00f6chtest, um zu erfahren wie es ist auf der Viertelmeile zu fahren, dann meldest du dich z. B. f\u00fcr die Klasse DEMO\/TEST &amp; TUNE an. Du kannst dich aber auch sofort f\u00fcr den Wettbewerb anmelden. Sobald du bei der technischen Abnahme vorstellig wirst, besteht hier die M\u00f6glichkeit, dass dich die technischen Inspekteure in eine h\u00f6here Klasse einstufen, weil dein Fahrzeug der h\u00f6heren Klasse besser entspricht.<\/p>\n\n\n\n<p class=\"wp-block-paragraph\">Wenn du dein Fahrzeug sehr gut kennst und dir zutraust dein Fahrzeug entsprechend des Reglement eine Klasse selbst einzusch\u00e4tzen, empfiehlt es sich die jeweiligen Reglements der Klassen ausf\u00fchrlich durchzulesen! Entscheide dich f\u00fcr eine Klasse, die deinem Fahrzeug am ehesten entspricht und richte dein Fahrzeug und deine Sicherheitsausr\u00fcstung (wie z. B. Bekleidung) entsprechend aus. Dann sollte mit Bravur die technische Abnahme bestanden werden und somit eine Starterlaubnis erteilt werden.<\/p>\n\n\n\n<p class=\"wp-block-paragraph\">Solltest du Fragen zum Reglement oder der Klassen haben, schicke uns eine E-Mail an&nbsp;<a href=\"mailto:nennung@jade-race.com\">nennung@jade-race.com<\/a>.<\/p>\n","protected":false},"excerpt":{"rendered":"<p>Wer sich unsicher f\u00fchlt, aber gerne an unserer Veranstaltung teilnehmen m\u00f6chte, um erstmalig das Erlebnis &#8220;Drag Race Motorsport&#8221;<\/p>\n","protected":false},"author":4,"featured_media":0,"parent":0,"menu_order":0,"comment_status":"open","ping_status":"open","template":"","meta":{"_crdt_document":"","ngg_post_thumbnail":0,"jetpack_post_was_ever_published":false,"footnotes":""},"class_list":["post-950","page","type-page","status-publish","hentry"],"jetpack_shortlink":"https:\/\/wp.me\/P5OaCw-fk","jetpack_sharing_enabled":true,"_links":{"self":[{"href":"https:\/\/www.jade-race.com\/index.php?rest_route=\/wp\/v2\/pages\/950","targetHints":{"allow":["GET"]}}],"collection":[{"href":"https:\/\/www.jade-race.com\/index.php?rest_route=\/wp\/v2\/pages"}],"about":[{"href":"https:\/\/www.jade-race.com\/index.php?rest_route=\/wp\/v2\/types\/page"}],"author":[{"embeddable":true,"href":"https:\/\/www.jade-race.com\/index.php?rest_route=\/wp\/v2\/users\/4"}],"replies":[{"embeddable":true,"href":"https:\/\/www.jade-race.com\/index.php?rest_route=%2Fwp%2Fv2%2Fcomments&post=950"}],"version-history":[{"count":47,"href":"https:\/\/www.jade-race.com\/index.php?rest_route=\/wp\/v2\/pages\/950\/revisions"}],"predecessor-version":[{"id":4765,"href":"https:\/\/www.jade-race.com\/index.php?rest_route=\/wp\/v2\/pages\/950\/revisions\/4765"}],"wp:attachment":[{"href":"https:\/\/www.jade-race.com\/index.php?rest_route=%2Fwp%2Fv2%2Fmedia&parent=950"}],"curies":[{"name":"wp","href":"https:\/\/api.w.org\/{rel}","templated":true}]}}