{"id":6095,"date":"2025-07-12T17:56:35","date_gmt":"2025-07-12T15:56:35","guid":{"rendered":"https:\/\/www.jade-race.com\/?page_id=6095"},"modified":"2026-02-16T16:26:53","modified_gmt":"2026-02-16T15:26:53","slug":"fahrerbesprechung","status":"publish","type":"page","link":"https:\/\/www.jade-race.com\/?page_id=6095","title":{"rendered":"Fahrer Briefing"},"content":{"rendered":"\n<h2 class=\"wp-block-heading has-vivid-cyan-blue-color has-text-color has-link-color wp-elements-37ccf6e749d312fbf40fa20b2ee83613\">1. Anreise<\/h2>\n\n\n\n<h2 class=\"wp-block-heading has-medium-font-size\">1.1 Anreise am Donnerstag<\/h2>\n\n\n\n<p class=\"wp-block-paragraph\">Eine direkte Anreise zum Flugplatz ist am Donnerstag nicht m\u00f6glich. Der Flugbetrieb l\u00e4uft bis 18.00 Uhr, vorher kann nicht mit dem Aufbau begonnen werden.<br><br>Um die Aufbau-Crew bei der Arbeit nicht zu behindern, ist der Zufahrtsbereich zum Flughafen f\u00fcr Anreisende gesperrt. Wer am Donnerstag anreisen m\u00f6chte, der muss zwingend zum Sammelplatz anreisen:<\/p>\n\n\n\n<p class=\"wp-block-paragraph\"><a href=\"https:\/\/maps.app.goo.gl\/yXDcH5c5tkKUGWjw6\">https:\/\/maps.app.goo.gl\/yXDcH5c5tkKUGWjw6<\/a><\/p>\n\n\n\n<iframe src=\"https:\/\/www.google.com\/maps\/embed?pb=!1m18!1m12!1m3!1d705.4300466727442!2d8.061932528241218!3d53.50822548688912!2m3!1f0!2f0!3f0!3m2!1i1024!2i768!4f13.1!3m3!1m2!1s0x47b6939a03ff5dfd%3A0x92714b3d5dcfc32d!2sHighway%20Driver%20MC%201977!5e0!3m2!1sde!2sde!4v1752333788670!5m2!1sde!2sde\" width=\"600\" height=\"450\" style=\"border:0;\" allowfullscreen=\"\" loading=\"lazy\" referrerpolicy=\"no-referrer-when-downgrade\"><\/iframe>\n\n\n\n<p class=\"wp-block-paragraph\">Am Sammelplatz ist ab 12 Uhr das Rennb\u00fcro ge\u00f6ffnet. Dort wird die Papierabnahme schon erledigt und die Eintrittsb\u00e4nder ausgeh\u00e4ndigt. Es kann vor Ort im Clubhaus vom Motorradclub was zu trinken erworben werden und im Garten gem\u00fctlich gesessen werden, bis die Rennb\u00fcrocrew die Freigabe zum Verlegen zum Flugplatz gibt.<\/p>\n\n\n\n<h2 class=\"wp-block-heading has-medium-font-size\">1.2 Anreise am Freitag und Samstag<\/h2>\n\n\n\n<p class=\"wp-block-paragraph\">Die Anreise ist ab 8 Uhr direkt zum Flugplatz m\u00f6glich:<\/p>\n\n\n\n<p class=\"wp-block-paragraph\"><a href=\"https:\/\/maps.app.goo.gl\/sA8nZSfmNuLtE1ju9\">https:\/\/maps.app.goo.gl\/sA8nZSfmNuLtE1ju9<\/a><\/p>\n\n\n\n<iframe src=\"https:\/\/www.google.com\/maps\/embed?pb=!1m18!1m12!1m3!1d2777.5661547803466!2d8.050022876944913!3d53.50729896266806!2m3!1f0!2f0!3f0!3m2!1i1024!2i768!4f13.1!3m3!1m2!1s0x47b6928cecb485a3%3A0x321dbb1d949a0ea6!2sJadeWeserAirport!5e1!3m2!1sde!2sde!4v1749996424702!5m2!1sde!2sde\" width=\"400\" height=\"300\" style=\"border:0;\" allowfullscreen=\"\" loading=\"lazy\" referrerpolicy=\"no-referrer-when-downgrade\"><\/iframe>\n\n\n\n<p class=\"wp-block-paragraph\">Die Papierabnahme erfolgt am Nenncontainer (linke Seite) direkt bei der Einfahrt<\/p>\n\n\n\n<h2 class=\"wp-block-heading has-vivid-cyan-blue-color has-text-color has-link-color wp-elements-7b7eb5cbfa2dc535eaefd357cfe5339c\">2. Anmeldung und Papierabnahme<\/h2>\n\n\n\n<h2 class=\"wp-block-heading has-medium-font-size\">2.1 Papierabnahme<\/h2>\n\n\n\n<p class=\"wp-block-paragraph\">Wer sich online noch nicht genannt hat, der kann bei noch freien Startpl\u00e4tzen am Nenncontainer sich noch f\u00fcr das Rennen anmelden und die Papierabnahme erledigen.<\/p>\n\n\n\n<p class=\"wp-block-paragraph\">Ihr bekommt hier eure Zufahrtsberechtigung, die Armb\u00e4nder, einen M\u00fcllsack sowie den technischen Fragebogen ausgeh\u00e4ndigt, um an der technischen Abnahme teilnehmen zu k\u00f6nnen.<\/p>\n\n\n\n<p class=\"wp-block-paragraph\">Das Rennb\u00fcro ist wie folgt ge\u00f6ffnet:<\/p>\n\n\n\n<ul class=\"wp-block-list\">\n<li>Donnerstag 16.07.2026, 12.00h bis 22:00h am Sammelplatz<\/li>\n\n\n\n<li>Freitag 17.07.2026, 08.00h bis 20:00h am Nenncontainer in der Flugplatzeinfahrt<\/li>\n\n\n\n<li>Samstag 18.07.2026, 08.00h bis 12.00h am Nenncontainer in der Flugplatzeinfahrt<\/li>\n<\/ul>\n\n\n\n<p class=\"wp-block-paragraph\">Telefon Rennb\u00fcro: +49 162 201 43 14  oder +49 170 216 78 48<\/p>\n\n\n\n<h2 class=\"wp-block-heading has-medium-font-size\">2.2 Pfandsack f\u00fcr M\u00fcll<\/h2>\n\n\n\n<p class=\"wp-block-paragraph\">Zus\u00e4tzlich zu der Ticketgeb\u00fchr f\u00fcr das Camping- sowie Fahrerticket ist eine Pfandgeb\u00fchr i. H. v. 10\u20ac f\u00fcr einen M\u00fcllsack in Bar zu entrichten. Bei der Abreise kann der gef\u00fcllte M\u00fcllsack am Ausgang bei der M\u00fcllpresse abgegeben werden und das Pfandgeld wird einem in Bar erstattet.<\/p>\n\n\n\n<h2 class=\"wp-block-heading has-medium-font-size\">2.3 Startnummern<\/h2>\n\n\n\n<p class=\"wp-block-paragraph\">Grunds\u00e4tzlich gilt, die Startnummer die wir w\u00e4hrend der Anmeldung\/Papierabnahme vergeben ist f\u00fchrend. Alte oder andere Startnummern am Fahrzeug sind abzukleben.<\/p>\n\n\n\n<p class=\"wp-block-paragraph\">Bei der Startnummernvergabe orientieren wir uns zuerst nach den permanent vergebenen Startnummern vom DMSB, danach nach den permanent vergebenen Startnummern der \u00fcbrigen europ\u00e4ischen ASN. Danach erst vergeben wir eine Startnummer.<\/p>\n\n\n\n<h2 class=\"wp-block-heading\"><mark style=\"background-color:rgba(0, 0, 0, 0)\" class=\"has-inline-color has-vivid-cyan-blue-color\"><strong>3. Fahrerlager &#8211; Besonderheiten<\/strong><\/mark><\/h2>\n\n\n\n<h2 class=\"wp-block-heading has-medium-font-size\">3.1 Lageplan<\/h2>\n\n\n\n<h2 class=\"wp-block-heading has-medium-font-size\">3.2 Zeltbefestigung &#8211; Bohren im Boden ist strengstens Verboten !<\/h2>\n\n\n\n<p class=\"wp-block-paragraph\">Das Bohren von L\u00f6chern in den Boden des Fahrerlagers ist strengstens verboten! Zuwiderhandlungen f\u00fchren zur Disqualifikation vom Wettbewerb und einer Strafgeb\u00fchr von 250,00 Euro pro gebohrtem Loch.<\/p>\n\n\n\n<h2 class=\"wp-block-heading has-medium-font-size\">3.3 Umweltauflagen<\/h2>\n\n\n\n<p><strong>An jeder Box bzw. Rennfahrzeug muss ein eigener Feuerl\u00f6scher gut sichtbar im vorderen Bereich des Pavillons\/Stellplatz aufgestellt werden.<\/strong><\/p>\n\n\n\n<p class=\"wp-block-paragraph\">Das Betanken, Wechseln von Motor\u00f6len oder Schmier- und K\u00fchlfl\u00fcssigkeiten an den Rennfahrzeugen ist nur in den Boxen erlaubt. Eine fl\u00fcssigkeitsabsorbierende Plane unter dem gesamten Fahrzeug ist vorgeschrieben.<\/p>\n\n\n\n<p class=\"wp-block-paragraph\">Der Fahrer ist f\u00fcr die Entsorgung von Kraftstoffen, Motor\u00f6l, Schmierstoffen und K\u00fchlmitteln verantwortlich. Er muss entsprechende Beh\u00e4lter bereithalten und diese mit nach Hause nehmen oder selbst zu einem Entsorgungsfachbetrieb bringen. Bei Nichtbeachtung erfolgt die Disqualifikation vom Wettbewerb und eine Strafgeb\u00fchr von 500,00 Euro.<\/p>\n\n\n\n<h2 class=\"wp-block-heading has-medium-font-size\">3.4 Nachtruhe<\/h2>\n\n\n\n<p class=\"wp-block-paragraph\">Die Nachtruhe beginnt um 22 Uhr und endet um 8 Uhr Morgens. In dieser Zeit d\u00fcrfen keine Fahrzeuge im Fahrlager und Campingbereich angelassen oder bewegt werden.<\/p>\n\n\n\n<p class=\"wp-block-paragraph\">Wer l\u00e4nger noch feiern m\u00f6chte, der hat die M\u00f6glichkeit ins Festzelt direkt neben der Rennstrecke zu gehen. Aus R\u00fccksicht auf die Fahrer und Familien ist laute Musik und laute Gespr\u00e4che in gro\u00dfen Gruppen zu vermeiden.<\/p>\n\n\n\n<h2 class=\"wp-block-heading has-medium-font-size\">3.5 Fahren im Fahrerlager<\/h2>\n\n\n\n<p class=\"wp-block-paragraph\">Die H\u00f6chstgeschwindigkeit im Bereich des Fahrerlagers und der Boxen betr\u00e4gt: 5 km\/h.<\/p>\n\n\n\n<p class=\"wp-block-paragraph\">Fahrzeuge, die ohne Zufahrtsberechtigung im Fahrerlager abgestellt werden, werden abgeschleppt (die Geb\u00fchr zahlt derjenige, der das Fahrzeug abholt).<\/p>\n\n\n\n<p class=\"wp-block-paragraph\">F\u00fcr alle Servicefahrzeuge (auch f\u00fcr Service-Roller\/Motorr\u00e4der) gilt die StVZO mit der entsprechenden Lautst\u00e4rke gem\u00e4\u00df Betriebserlaubnis.<\/p>\n\n\n\n<p class=\"wp-block-paragraph\">Die Benutzung von motorisierten Ger\u00e4ten jeglicher Art ist f\u00fcr Kinder verboten!<\/p>\n\n\n\n<p class=\"wp-block-paragraph\">Fahrer k\u00f6nnen aus dem Rennen genommen werden, wenn ihre Crew und Kinder sich nicht an die Regeln halten. Kinder bis zu 12 Jahren d\u00fcrfen sich nur unter Aufsicht von Erwachsenen im Fahrerlager aufhalten. Rollschuhe, Skateboards und \u00e4hnliche Gegenst\u00e4nde sind im Fahrerlager verboten und werden von der Security bis zum Ende der Veranstaltung konfisziert.<\/p>\n\n\n\n<h2 class=\"wp-block-heading has-medium-font-size\">3.6 Fr\u00fchst\u00fcck <\/h2>\n\n\n\n<p class=\"wp-block-paragraph\">Auch dises&nbsp;Jahr bieten wir unseren Besuchern, Fahrern und Teammitgliedern frische Br\u00f6tchen zum Fr\u00fchst\u00fcck an. Die Bestellung der Br\u00f6tchen muss jeweils am Vortag im Service Point abgegeben werden, damit auch gen\u00fcgend Br\u00f6tchen Morgens vor Ort sind. Gerne k\u00f6nnt ihr uns auch vorab eure Bestellung per E-Mail an <a href=\"mailto:info@jade-race.com\">info@jade-race.com<\/a> zusenden.<\/p>\n\n\n\n<h2 class=\"wp-block-heading\"><mark style=\"background-color:rgba(0, 0, 0, 0)\" class=\"has-inline-color has-vivid-cyan-blue-color\"><strong>4. Technische Abnahme<\/strong><\/mark><\/h2>\n\n\n\n<h2 class=\"wp-block-heading has-medium-font-size\">4.1 Technische Abnahme<\/h2>\n\n\n\n<p class=\"wp-block-paragraph\">Die Inspektion findet in der ausgewiesenen technischen Inspektionszone am Anfang des LineUps statt. Sie startet am:<\/p>\n\n\n\n<ul class=\"wp-block-list\">\n<li>Freitag 17.07.2026, 08.00h bis 20.00h<\/li>\n\n\n\n<li>Samstag 18.07.2026, 08.00h bis 14.00h<\/li>\n<\/ul>\n\n\n\n<p class=\"wp-block-paragraph\">Telefonnummer der technischen Abteilung w\u00e4hrend der Veranstaltungen: +49 173 927 92 44&nbsp;<\/p>\n\n\n\n<p class=\"wp-block-paragraph\">Nach der technischen Abnahme erh\u00e4lt der Fahrer einen Aufkleber mit seiner Startnummer, der auf der rechten Seite vom Fahrzeug angebracht wird. Ohne diese Plakette erh\u00e4lt der Fahrer keine Startgenehmigung. Auf der rechten Seite sind auch die Dial In&#8217;s zu schreiben.<\/p>\n\n\n\n<h2 class=\"wp-block-heading has-medium-font-size\">4.2 Sicherheitsvorschriften<\/h2>\n\n\n\n<p class=\"wp-block-paragraph\">Es ist sich im Vorfelde vor dem Event mit den Sicherheitsvorschriften f\u00fcr sein Fahrzeug und seine Schutzbekleidung auseinanderzusetzen. Wird bei der Technischen Abnahme ein Mangel festgestellt, kann dieser im Zweifel vor Ort nicht mehr behoben werden und man erh\u00e4lt keine Startzulassung. Eine Erstattung der Nenngeb\u00fchren\/Tickets erfolgt nicht, da es im Rahmen des Eigenverschulden liegt!<\/p>\n\n\n\n<h2 class=\"wp-block-heading has-medium-font-size\">4.3 Klassenwechsel<\/h2>\n\n\n\n<p class=\"wp-block-paragraph\">Ein Klassenwechsel kann vor dem Event und sp\u00e4testens auf dem w\u00e4hrend der technischen Abnahme direkt durch die Technischen Kommissare erm\u00f6glicht werden. Es steht eine Rennsekret\u00e4rin am Container zur Einfahrt zur Rennstrecke zur Verf\u00fcgung, die den Klassenwechsel direkt in der EDV durchf\u00fchren kann und die Nennunterlagen neu ausstellt.<\/p>\n\n\n\n<h2 class=\"wp-block-heading\"><mark style=\"background-color:rgba(0, 0, 0, 0)\" class=\"has-inline-color has-vivid-cyan-blue-color\"><strong>5. LineUp<\/strong><\/mark><\/h2>\n\n\n\n<p class=\"wp-block-paragraph\">Das LineUp hat bei uns 8 Spuren. Ganz am Anfang zur Einfahrt jeder Spur findet ihr Schilder mit dem jeweiligen Klassennamen. Zus\u00e4tzlich wird euch die LineUpCrew sowie die PitMarshalls zur Seite stehen und euch z. B. bei den Eliminationen entsprechend der notwendigen Reihenfolge sortieren.<\/p>\n\n\n\n<h2 class=\"wp-block-heading\"><mark style=\"background-color:rgba(0, 0, 0, 0)\" class=\"has-inline-color has-vivid-cyan-blue-color\"><strong>6. Strecke<\/strong><\/mark><\/h2>\n\n\n\n<h2 class=\"wp-block-heading has-medium-font-size\">6.1 Startnummer und Dial In<\/h2>\n\n\n\n<p class=\"wp-block-paragraph\">Die Startnummer und der Dial In m\u00fcssen gut sichtbar auf der rechten Seite vom Fahrzeug angebracht sein, damit die Zeitnahme diese ablesen kann.<\/p>\n\n\n\n<p class=\"wp-block-paragraph\">Der Dial In kann alternativ auch auf einer wei\u00dfen Tafel\/Zettel durch ein Crew Mitglied in Richtung Zeitnahme gezeigt werden. Alternativ kann sich die Klasse auch darauf verst\u00e4ndigen, den Dial In dem Pitmarshall zu nennen, damit er diese gesammelt f\u00fcr die Klasse bei der Zeitnahme einreichen kann.<\/p>\n\n\n\n<h2 class=\"wp-block-heading has-medium-font-size\">6.2 Bremsschirm<\/h2>\n\n\n\n<p class=\"wp-block-paragraph\">Der Bremsschirm muss vor dem Burnout entsichert sein!<\/p>\n\n\n\n<p class=\"wp-block-paragraph\">Aufgrund des starken Seitenwinds, entscheidet der Fahrer selbst ob er den Bremsschirm bet\u00e4tigt. Bei einer Gesamtl\u00e4nge der Strecke von 1459m, hat der Fahrer mehr als 1000m Auslauf.<\/p>\n\n\n\n<p class=\"wp-block-paragraph\">Zum packen des Bremsschirms wird ausschlie\u00dflich auf der R\u00fcckf\u00fchrung angehalten, <strong>nicht <\/strong>auf der Strecke oder aber der Ausfahrt (im Bereich Ausfahrt \/ Exit 3 oranger Bereich). <\/p>\n\n\n\n<h2 class=\"wp-block-heading has-medium-font-size\">6.3 Burn Out<\/h2>\n\n\n\n<p class=\"wp-block-paragraph\">Der Burnout ist f\u00fcr alle Klasen mit DragSlicks \u00fcber die Startlinie hinaus erlaubt.<br>F\u00fcr Fahrzeuge mit Stra\u00dfenreifen ist der Burnout \u00fcber die Startlinie untersagt.<br>Alle Motorradklassen f\u00fchren den Burnout auf der Platte aus. Einzig ein Rollingburnout (mit eckigen \/ breiten Slicks) ist f\u00fcr Motorr\u00e4der auf dem Asphalt erlaubt. Das Visier beim Motorradfahrer ist vor dem Staging zu schlie\u00dfen.<\/p>\n\n\n\n<h2 class=\"wp-block-heading has-medium-font-size\">6.4 Sicherheitsvorschriften<\/h2>\n\n\n\n<p class=\"wp-block-paragraph\">Alle Sicherheitsvorschriften sind Strengstens einzuhalten!                                                                        <br>\u00dcberm\u00e4\u00dfiges bremsen nach der Ziellinie ist nicht erforderlich da genug Auslauf vorhanden ist. In Fahrtrichtung sollte immer der rechte Fahrer zuerst in die R\u00fcckf\u00fchrung fahren um ungewolltes kreuzen zu vermeiden. Der linke Fahrer muss sich sicher sein, beim abbiegen in die R\u00fcckf\u00fchrung, das er den rechten Fahrer nicht gef\u00e4hrdet.   <\/p>\n\n\n\n<h2 class=\"wp-block-heading has-medium-font-size\">6.5 Ausfahrt<\/h2>\n\n\n\n<p class=\"wp-block-paragraph\">Wir haben mehrere Ausfahrten von der Rennstrecke zur R\u00fcckf\u00fchrung. Grunds\u00e4tzlich gilt bei:<\/p>\n\n\n\n<ul class=\"wp-block-list\">\n<li>1\/4 Meile Distanz:\n<ul class=\"wp-block-list\">\n<li>es wird immer die dritte (letzte) Ausfahrt genommen<\/li>\n\n\n\n<li>es biegt immer erst die rechte Spur ab, bevor die linke Spur abbiegt<\/li>\n<\/ul>\n<\/li>\n\n\n\n<li>1\/8 Meile Distanz:\n<ul class=\"wp-block-list\">\n<li>Die Junioren nehmen bei der 1\/8 Meile immer die erste Ausfahrt<\/li>\n\n\n\n<li>Die \u00fcbrigen Klassen nehmen bei der 1\/8 Meile immer die dritte (letzte) Ausfahrt<\/li>\n\n\n\n<li>es biegt immer erst die rechte Spur ab, bevor die linke Spur abbiegt<\/li>\n<\/ul>\n<\/li>\n<\/ul>\n\n\n\n<figure class=\"wp-block-image size-large\"><a href=\"https:\/\/i0.wp.com\/www.jade-race.com\/wp-content\/uploads\/2025\/06\/Ausfahrten.png?ssl=1\"><img data-recalc-dims=\"1\" loading=\"lazy\" decoding=\"async\" width=\"640\" height=\"276\" src=\"https:\/\/i0.wp.com\/www.jade-race.com\/wp-content\/uploads\/2025\/06\/Ausfahrten.png?resize=640%2C276&#038;ssl=1\" alt=\"\" class=\"wp-image-6125\" srcset=\"https:\/\/i0.wp.com\/www.jade-race.com\/wp-content\/uploads\/2025\/06\/Ausfahrten.png?resize=1024%2C442&amp;ssl=1 1024w, https:\/\/i0.wp.com\/www.jade-race.com\/wp-content\/uploads\/2025\/06\/Ausfahrten.png?resize=300%2C129&amp;ssl=1 300w, https:\/\/i0.wp.com\/www.jade-race.com\/wp-content\/uploads\/2025\/06\/Ausfahrten.png?resize=768%2C331&amp;ssl=1 768w, https:\/\/i0.wp.com\/www.jade-race.com\/wp-content\/uploads\/2025\/06\/Ausfahrten.png?resize=1536%2C662&amp;ssl=1 1536w, https:\/\/i0.wp.com\/www.jade-race.com\/wp-content\/uploads\/2025\/06\/Ausfahrten.png?resize=1320%2C569&amp;ssl=1 1320w, https:\/\/i0.wp.com\/www.jade-race.com\/wp-content\/uploads\/2025\/06\/Ausfahrten.png?w=1674&amp;ssl=1 1674w\" sizes=\"auto, (max-width: 640px) 100vw, 640px\" \/><\/a><\/figure>\n\n\n\n<h2 class=\"wp-block-heading has-medium-font-size\">6.6 R\u00fcckf\u00fchrung<\/h2>\n\n\n\n<p class=\"wp-block-paragraph\">Die R\u00fcckf\u00fchrung f\u00fchrt entlang der Rennstrecke zur\u00fcck bis ins Fahrerlager. Auf der linken Seite von der&nbsp; R\u00fcckf\u00fchrung findet w\u00e4hrend der Veranstaltung weiterhin Flugbetrieb durch Hubschrauber statt. Daher ist die Geschwindigkeit auf der R\u00fcckf\u00fchrung auf 50 km\/h begrenzt. In dem Bereich m\u00fcssen die Bremsschierme so gesichert sein, das sie nicht in dem Bereich der Startenden oder landenden Hubschrauberbereich gelangen.<\/p>\n\n\n\n<h2 class=\"wp-block-heading has-medium-font-size\">6.7 Runningorder \/ Ablauf<\/h2>\n\n\n\n<p class=\"wp-block-paragraph\">Es wird in folgender Running Order gestartet:<\/p>\n\n\n\n<ul class=\"wp-block-list\">\n<li>JDB &#8211; Junior Drag Bike<\/li>\n\n\n\n<li>JD &#8211; Junior Dragster<\/li>\n\n\n\n<li>TT8 &#8211; HotRod-Klasse \/ Test&amp;Tune Car 1\/8 Meile<\/li>\n\n\n\n<li>TTB &#8211; Test&amp;Tune Bike<\/li>\n\n\n\n<li>TT4 &#8211; Test&amp;Tune Car 1\/4 Meile<\/li>\n\n\n\n<li>SLB &#8211; Street legal Bikes<\/li>\n\n\n\n<li>SOET &#8211; SOET Bikes &#8211; ehemals E.T.-Bike (ETB)<\/li>\n\n\n\n<li>SCB &#8211; Super Comp Bike<\/li>\n\n\n\n<li>ST &#8211; Safe Time &#8211; ehemals Public Race (OSL)<\/li>\n\n\n\n<li>HS &#8211; H-Stickshift<\/li>\n\n\n\n<li>TCP &#8211; Time Challenge &#8211; ehemals Pro E.T. (PET)<\/li>\n\n\n\n<li>SPRO &#8211; Super Pro E.T.<\/li>\n\n\n\n<li>XO &#8211; Extreme Outlaw<\/li>\n\n\n\n<li>FWD &#8211; European Front Wheel Drive<\/li>\n\n\n\n<li>DI &#8211; Domestic vs. Import &#8211; ehemals Pro Comp (PC)<\/li>\n<\/ul>\n\n\n\n<p class=\"wp-block-paragraph\">Den genauen Zeitplan findet ihr \u00fcber folgenden Link: <a href=\"http:\/\/timetable.jade-race.com\/\">http:\/\/timetable.jade-race.com\/<\/a><\/p>\n\n\n\n<p class=\"wp-block-paragraph\">Wichtig! Wer am Sonntag in der Elimination bereits ausgeschieden ist, der kann sich in der &#8220;Test &amp; Tune&#8221; Klasse anstellen, um weiterhin TrackTime zu erhalten.<\/p>\n\n\n\n<h2 class=\"wp-block-heading\"><mark style=\"background-color:rgba(0, 0, 0, 0)\" class=\"has-inline-color has-vivid-cyan-blue-color\"><strong>7. Mitteilungen Sportwarte<\/strong><\/mark><\/h2>\n\n\n\n<h2 class=\"wp-block-heading has-medium-font-size\">7.1 Offizieller Aushang<\/h2>\n\n\n\n<p class=\"wp-block-paragraph\">Der offizielle Aushang f\u00fcr z. B. Qualifikationslisten, Flow-Charts, Bulletins oder allgemeine Mitteilungen von der Zeitnahme oder der Rennleitung ist auf der Homepage vom Jade-Race unter <a href=\"https:\/\/www.jade-race.com\/?cat=57\">https:\/\/www.jade-race.com\/?cat=57<\/a><\/p>\n\n\n\n<h2 class=\"wp-block-heading has-medium-font-size\">7.2 Zeitplan<\/h2>\n\n\n\n<p class=\"wp-block-paragraph\">Wir aktualisieren w\u00e4hrend des Events permanent den Zeitplan. Zeitverz\u00f6gerungen flie\u00dfen direkt ein, so dass ihr mitbekommt, wann eure Klasse startet und ob sie an dem Tag \u00fcberhaupt noch startet.<\/p>\n\n\n\n<p>Den genauen Zeitplan findet ihr \u00fcber folgenden Link: <a href=\"http:\/\/timetable.dragreg.eu\/\">http:\/\/timetable.dragreg.eu\/<\/a><\/p>\n\n\n\n<h2 class=\"wp-block-heading has-medium-font-size\">7.3 Abmeldung vom Rennen<\/h2>\n\n\n\n<p class=\"wp-block-paragraph\">Wer wegen einem Defekt ausscheidet, ist verpflichtet sich beim Rennleiter bzw. bei der Rennsekret\u00e4rin direkt beim Container an der Rennstrecke abzumelden, damit Alternates nachr\u00fccken k\u00f6nnen.<\/p>\n\n\n\n<h2 class=\"wp-block-heading\"><mark style=\"background-color:rgba(0, 0, 0, 0)\" class=\"has-inline-color has-vivid-cyan-blue-color\"><strong>8. Abendveranstaltung<\/strong><\/mark><\/h2>\n\n\n\n<p class=\"wp-block-paragraph\">Am Samstagabend finden im Rahmen der Abendshow die CashDays statt. Beginn ist f\u00fcr 18.30 Uhr angedacht, Ende ist um 22 Uhr.<\/p>\n\n\n\n<h2 class=\"wp-block-heading\"><mark style=\"background-color:rgba(0, 0, 0, 0)\" class=\"has-inline-color has-vivid-cyan-blue-color\"><strong>9. Siegerehrung<\/strong><\/mark><\/h2>\n\n\n\n<p class=\"wp-block-paragraph\">Die Pokalvergabe findet am Sonntag direkt nach dem letzten Lauf direkt vor dem Trailer der DHRA statt.<\/p>\n\n\n\n<h2 class=\"wp-block-heading\"><mark style=\"background-color:rgba(0, 0, 0, 0)\" class=\"has-inline-color has-vivid-cyan-blue-color\"><strong>10. Abreise<\/strong><\/mark><\/h2>\n\n\n\n<h2 class=\"wp-block-heading has-medium-font-size\">10.1 Abgabe Pfandsack &#8211; Empfang M\u00fcllpfand<\/h2>\n\n\n\n<p class=\"wp-block-paragraph\">Bei der Ausfahrt befindet sich links ein M\u00fcllcontainer, wo der M\u00fcll abgegeben werden kann. Dort erhaltet ihr auch euer Pfandgeld f\u00fcr den M\u00fcllsack in Bar wieder.<\/p>\n\n\n\n<p class=\"wp-block-paragraph\">Die Entsorgung von Kraftstoffen, Motor\u00f6l, Schmierstoffen und K\u00fchlmitteln ist nicht m\u00f6glich. Diese sind mit nach Hause zu nehmen oder selbst zu einem Entsorgungsfachbetrieb zu bringen.<\/p>\n\n\n\n<h2 class=\"wp-block-heading has-medium-font-size\">10.2 Termin 2027<\/h2>\n\n\n\n<p class=\"wp-block-paragraph\">Wir&nbsp;freuen uns euch im n\u00e4chsten Jahr vom 16. &#8211; 18.07.2027 beim n\u00e4chsten Jade-Race wieder begr\u00fc\u00dfen zu d\u00fcrfen!<\/p>\n\n\n","protected":false},"excerpt":{"rendered":"<p>1. Anreise 1.1 Anreise am Donnerstag Eine direkte Anreise zum Flugplatz ist am Donnerstag nicht m\u00f6glich. Der Flugbetrieb<\/p>\n","protected":false},"author":4,"featured_media":0,"parent":0,"menu_order":0,"comment_status":"closed","ping_status":"closed","template":"","meta":{"_crdt_document":"","ngg_post_thumbnail":0,"jetpack_post_was_ever_published":false,"footnotes":""},"class_list":["post-6095","page","type-page","status-publish","hentry"],"jetpack_shortlink":"https:\/\/wp.me\/P5OaCw-1Aj","jetpack_sharing_enabled":true,"_links":{"self":[{"href":"https:\/\/www.jade-race.com\/index.php?rest_route=\/wp\/v2\/pages\/6095","targetHints":{"allow":["GET"]}}],"collection":[{"href":"https:\/\/www.jade-race.com\/index.php?rest_route=\/wp\/v2\/pages"}],"about":[{"href":"https:\/\/www.jade-race.com\/index.php?rest_route=\/wp\/v2\/types\/page"}],"author":[{"embeddable":true,"href":"https:\/\/www.jade-race.com\/index.php?rest_route=\/wp\/v2\/users\/4"}],"replies":[{"embeddable":true,"href":"https:\/\/www.jade-race.com\/index.php?rest_route=%2Fwp%2Fv2%2Fcomments&post=6095"}],"version-history":[{"count":36,"href":"https:\/\/www.jade-race.com\/index.php?rest_route=\/wp\/v2\/pages\/6095\/revisions"}],"predecessor-version":[{"id":7306,"href":"https:\/\/www.jade-race.com\/index.php?rest_route=\/wp\/v2\/pages\/6095\/revisions\/7306"}],"wp:attachment":[{"href":"https:\/\/www.jade-race.com\/index.php?rest_route=%2Fwp%2Fv2%2Fmedia&parent=6095"}],"curies":[{"name":"wp","href":"https:\/\/api.w.org\/{rel}","templated":true}]}}