{"id":4763,"date":"2019-04-14T18:08:24","date_gmt":"2019-04-14T16:08:24","guid":{"rendered":"http:\/\/www.jade-race.com\/?page_id=4763"},"modified":"2019-04-14T18:08:25","modified_gmt":"2019-04-14T16:08:25","slug":"race-series","status":"publish","type":"page","link":"https:\/\/www.jade-race.com\/?page_id=4763&lang=nl","title":{"rendered":"RACE SERIES"},"content":{"rendered":"<p><strong>Wir sind stolz darauf, dass wir beim Jade-Race die gr\u00f6\u00dften Rennserien f\u00fcr den Nachwuchsdragracer austragen zu d\u00fcrfen:<\/strong><\/p>\n\n<table class=\"wp-block-table is-style-stripes\"><tbody><tr><td><strong>DMSB Drag Racing Pokal:<\/strong><br>Der DMSB schreibt seit 2016 den DMSB Drag Racing Pokal (Status: National A) nach Level 4 der allgemeinen DMSB-Pr\u00e4dikatsbestimmungen aus. Wir sind eine der Veranstaltungen, wo die Fahrer der Klassen Junior Dragster, Pro E.T., Super Comp, Super Gas und E.T.-Bike um den Pokal fahren k\u00f6nnen. Wertungsberechtigt sind die Fahrer mit mindestens einer Nationalen Lizenz der Stufe B.  <\/td><\/tr><tr><td><strong>ProET Challenge (ProET)<\/strong><br>Europas beliebteste Serie, welches im Bracket System seine Duelle austr\u00e4gt. Organisiert vom &#8220;ProET Dragracing Europe&#8221; Verein, ist die Serie seit Jahren mit einer sehr gro\u00dfen Anzahl von Startern mit 150-1000 PS Fahrzeugen am Start. In der am weitest verbreiteten Klasse, sind umfangreiche Modifikationen erlaubt. Hier starten Fahrzeuge, welche di Viertelmeile 11.99 &#8211; 9.00 Sekunden fahren. <\/td><\/tr><tr><td><strong>DHRA European Drag Racing Series (EDRS):<\/strong><br>Dies ist die Serie der DHRA, mit derzeit 4 Veranstaltungen und eine davon ist das Jade Race.\u00a0 Der Gesamtsieger der EDRS \u00fcber alle Klassen wird zum &#8220;King Street Europa&#8221; gek\u00fcrt und darf als Gewinner eine Reise nach Las Vegas antreten um dort an der Drag Racing School seine Rennlizenz machen.<br><br><strong>Klassen f\u00fcr stra\u00dfenzugelassene Autos (Das ist die Klasse f\u00fcr die Einsteiger\u00a0und Serien nahen Fahrzeugen):<br><\/strong>Public Race &#8211; Klasse 4 (DSL): langsamer als 15.00 Sekunden<br>Public Race &#8211; Klasse 3 (CSL): 14.99 bis 14.00 Sekunden<br>Public Race &#8211; Klasse 2 (BSL): 13.99 bis 13.00 Sekunden<br>Public Race &#8211; Klasse 1 (ASL): 12.99 bis 12.00 Sekunden<br> * In der Anmeldung sind die oben genanten Klassen\u00a0als Public Race (OSL) zusammengefast.<br><br><strong>Klassen f\u00fcr Rennfahrzeuge (inkl. modifizierter stra\u00dfenzugelassene Autos):<\/strong><br>SE: 13.99 bis 9.00 Sekunden ( ET Bracket Klasse, vergleichbar mit der ProET)<br>SM: schneller als 11.99 Sekunden<br>WS: schneller als 10,49 Sekunden<br><br><strong>Klassen f\u00fcr Bikes:<\/strong><br>SLB: Street legal bike: Heads up<br>PSB: Public Street bike: Heads up<br>SMB: Street modified schneller als 11.99 Sekunden<br><br><strong>Klasse Demo:<\/strong><br>F\u00fcr alle professionellen Dragsterteams\u00a0besteht die M\u00f6glichkeit, unter Wettbewerbsbedingungen zu testen. Zugelassen sind alle in Deutschland ausgefahrenen Fahrzeug-Klassen (Autos &amp; Bikes) mit Ihren entsprechenden technischen Bestimmungen. \u00dcber das gesamte Wochenende haben wir Zeitfenster verteilt, in denen die Teilnehmer des Test &amp; Tune nutzen k\u00f6nnen. Aber auch Stra\u00dfenfahrzeuge haben hier die M\u00f6glichkeit erstmalig Drag Racing Erfahrung zu sammeln. <\/td><\/tr><tr><td><strong>Klasse Junior Nationals: <\/strong><br>Auch f\u00fcr unsere ganz Kleinen gibt es eine eigene Rennserie. Hier haben unsere Junior-Dragracer die M\u00f6glichkeit mit ihren DragBikes und Dragstern an den Start zu gehen.<br>Klasse JD \/ JDB: F\u00fcr unseren Dragster\u00a0Nachwuchs <\/td><\/tr><\/tbody><\/table>\n<p class=\"wp-block-paragraph\"><strong>Achtung!!! Die Teilnahmebedingungen finden Sie unter dem Men\u00fcpunkt &#8220;Anmeldung&#8221;.<\/strong><\/p>\n","protected":false},"excerpt":{"rendered":"<p>Wir sind stolz darauf, dass wir beim Jade-Race die gr\u00f6\u00dften Rennserien f\u00fcr den Nachwuchsdragracer austragen zu d\u00fcrfen: DMSB<\/p>\n","protected":false},"author":4,"featured_media":0,"parent":0,"menu_order":0,"comment_status":"open","ping_status":"open","template":"","meta":{"_crdt_document":"","ngg_post_thumbnail":0,"jetpack_post_was_ever_published":false,"footnotes":""},"class_list":["post-4763","page","type-page","status-publish","hentry"],"jetpack_shortlink":"https:\/\/wp.me\/P5OaCw-1eP","jetpack_sharing_enabled":true,"_links":{"self":[{"href":"https:\/\/www.jade-race.com\/index.php?rest_route=\/wp\/v2\/pages\/4763","targetHints":{"allow":["GET"]}}],"collection":[{"href":"https:\/\/www.jade-race.com\/index.php?rest_route=\/wp\/v2\/pages"}],"about":[{"href":"https:\/\/www.jade-race.com\/index.php?rest_route=\/wp\/v2\/types\/page"}],"author":[{"embeddable":true,"href":"https:\/\/www.jade-race.com\/index.php?rest_route=\/wp\/v2\/users\/4"}],"replies":[{"embeddable":true,"href":"https:\/\/www.jade-race.com\/index.php?rest_route=%2Fwp%2Fv2%2Fcomments&post=4763"}],"version-history":[{"count":1,"href":"https:\/\/www.jade-race.com\/index.php?rest_route=\/wp\/v2\/pages\/4763\/revisions"}],"predecessor-version":[{"id":4764,"href":"https:\/\/www.jade-race.com\/index.php?rest_route=\/wp\/v2\/pages\/4763\/revisions\/4764"}],"wp:attachment":[{"href":"https:\/\/www.jade-race.com\/index.php?rest_route=%2Fwp%2Fv2%2Fmedia&parent=4763"}],"curies":[{"name":"wp","href":"https:\/\/api.w.org\/{rel}","templated":true}]}}