{"id":424,"date":"2012-04-17T11:49:06","date_gmt":"2012-04-17T10:49:06","guid":{"rendered":"http:\/\/www.jade-race.de\/?page_id=424"},"modified":"2026-02-03T23:13:32","modified_gmt":"2026-02-03T22:13:32","slug":"services","status":"publish","type":"page","link":"https:\/\/www.jade-race.com\/?page_id=424","title":{"rendered":"Unser Service"},"content":{"rendered":"\n<p class=\"wp-block-paragraph\">Auch dises Jahr bieten wir unseren Besuchern, Fahrern und Teammitgliedern viele neue Dienstleistungen an:<\/p>\n\n\n\n<ul class=\"wp-block-list\">\n<li><span style=\"text-decoration: underline;\">Frische Br\u00f6tchen:<\/span><\/li>\n<\/ul>\n\n\n\n<p class=\"wp-block-paragraph\">Br\u00f6tchen k\u00f6nnen zum Fr\u00fchst\u00fcck geordert werden. Die Bestellung der Br\u00f6tchen muss jeweils am Vortag im ServicePoint abgegeben werden, damit auch gen\u00fcgend Br\u00f6tchen Morgens vor Ort sind.<\/p>\n\n\n\n<ul class=\"wp-block-list\">\n<li><span style=\"text-decoration: underline;\">Duschen und Sanit\u00e4ranlagen:<\/span><\/li>\n<\/ul>\n\n\n\n<p class=\"wp-block-paragraph\">Im Fahrerlager stehen mobile Duschen und Sanit\u00e4ranlagen zur Verf\u00fcgung. Vermutlich die saubersten, die Ihr auf einem Rennsportevent kennt. Das Team rund um die Dusch- und Sanit\u00e4ranlagen freut sich bei Benutzung \u00fcber eine kleine Spende.<\/p>\n","protected":false},"excerpt":{"rendered":"<p>Auch dises Jahr bieten wir unseren Besuchern, Fahrern und Teammitgliedern viele neue Dienstleistungen an: Br\u00f6tchen k\u00f6nnen zum Fr\u00fchst\u00fcck<\/p>\n","protected":false},"author":4,"featured_media":0,"parent":0,"menu_order":0,"comment_status":"open","ping_status":"open","template":"","meta":{"_crdt_document":"","ngg_post_thumbnail":0,"jetpack_post_was_ever_published":false,"footnotes":""},"class_list":["post-424","page","type-page","status-publish","hentry"],"jetpack_shortlink":"https:\/\/wp.me\/P5OaCw-6Q","jetpack_sharing_enabled":true,"_links":{"self":[{"href":"https:\/\/www.jade-race.com\/index.php?rest_route=\/wp\/v2\/pages\/424","targetHints":{"allow":["GET"]}}],"collection":[{"href":"https:\/\/www.jade-race.com\/index.php?rest_route=\/wp\/v2\/pages"}],"about":[{"href":"https:\/\/www.jade-race.com\/index.php?rest_route=\/wp\/v2\/types\/page"}],"author":[{"embeddable":true,"href":"https:\/\/www.jade-race.com\/index.php?rest_route=\/wp\/v2\/users\/4"}],"replies":[{"embeddable":true,"href":"https:\/\/www.jade-race.com\/index.php?rest_route=%2Fwp%2Fv2%2Fcomments&post=424"}],"version-history":[{"count":33,"href":"https:\/\/www.jade-race.com\/index.php?rest_route=\/wp\/v2\/pages\/424\/revisions"}],"predecessor-version":[{"id":7210,"href":"https:\/\/www.jade-race.com\/index.php?rest_route=\/wp\/v2\/pages\/424\/revisions\/7210"}],"wp:attachment":[{"href":"https:\/\/www.jade-race.com\/index.php?rest_route=%2Fwp%2Fv2%2Fmedia&parent=424"}],"curies":[{"name":"wp","href":"https:\/\/api.w.org\/{rel}","templated":true}]}}