{"id":396,"date":"2012-04-16T12:04:32","date_gmt":"2012-04-16T11:04:32","guid":{"rendered":"http:\/\/www.jade-race.de\/?page_id=396"},"modified":"2019-04-14T21:28:14","modified_gmt":"2019-04-14T19:28:14","slug":"der-burn-out","status":"publish","type":"page","link":"https:\/\/www.jade-race.com\/?page_id=396","title":{"rendered":"Der Burn-Out"},"content":{"rendered":"\n<p class=\"wp-block-paragraph\">Nein, es handelt sich hier nicht um die aktuelle Modekrankheit, sondern um eine Drag Racing Besonderheit!<\/p>\n\n\n\n<p class=\"wp-block-paragraph\">Beim Burn-out (<em>Ausbrennen<\/em>) l\u00e4sst der Fahrer die R\u00e4der einer Achse (bei gezogener Bremse f\u00fcr die andere Achse) durchdrehen. Eingesetzt wird dies vor allem bei Dragster-Rennen (Beschleugnigungsrennen); da die Reifen durchdrehen, erw\u00e4rmen sie sich, wodurch eine bessere Haftung auf der Strecke gew\u00e4hrleistet wird. Des Weiteren werden Burn-outs oft als Showeinlage bei Autotreffen, Stunt-Shows und Rennen gezeigt.<\/p>\n\n\n\n<p class=\"wp-block-paragraph\">Der Burn-out ist in Deutschland auf \u00f6ffentlichen Stra\u00dfen nicht verboten, nur die damit oft verbundene Ger\u00e4usch- und Geruchsentwicklung. Beim Burn-out wird nicht nur viel Kraftstoff verbraucht, sondern der gesamte Antriebsstrang eines Fahrzeuges unterliegt einer enormen Belastung: Die Reifen verschlei\u00dfen sehr schnell und sind meist unbrauchbar nach einem Burn-out. Getriebe und Antriebswellen sowie s\u00e4mtliche torsionsbelastete Bauteile (insbesondere Hardyscheibe, Kupplung) erfahren erheblichen Verschlei\u00df, sogar ein Versagen einzelner oder ganzer Baugruppen ist nicht auszuschlie\u00dfen. W\u00e4hrend eines Burn-outs wird aber nicht nur der Antriebsstrang auf die Probe gestellt (\u00e4hnlich der Belastung eines Knallstarts), sondern auch der Motor muss dieser Belastung (meist hohe Drehzahlen und damit verbunden hohe Temperaturen ohne ausreichende K\u00fchlung) standhalten.<\/p>\n\n\n\n<p class=\"wp-block-paragraph\">In der Schweiz k\u00f6nnen Burn-outs unter dem Verstoss &#8220;Nichtbeherrschen des Fahrzeugs&#8221; zur Anzeige gebracht werden.<\/p>\n\n\n\n<h3 class=\"wp-block-heading\">Stehender Burn-out<\/h3>\n\n\n\n<p class=\"wp-block-paragraph\">Beim stehenden Burn-out dreht das Antriebsrad oder die Antriebsr\u00e4der im Stand durch (<em>standing burn-out<\/em>).<\/p>\n\n\n\n<h3 class=\"wp-block-heading\">Rollender Burn-out<\/h3>\n\n\n\n<p class=\"wp-block-paragraph\">Drehen das Hinterrad oder die Hinterr\u00e4der w\u00e4hrend der Fahrt durch, wird dies als rollender Burn-out (<em>Wheelspin<\/em>) bezeichnet. Durch die durchdrehenden und dadurch frei steuerbaren Hinterr\u00e4der kann man durch den Gummiabrieb Striche oder Kreise (Donuts) auf den Asphalt malen.<\/p>\n\n\n\n<p class=\"wp-block-paragraph\">Qulle: Wikipedia<\/p>\n","protected":false},"excerpt":{"rendered":"<p>Nein, es handelt sich hier nicht um die aktuelle Modekrankheit, sondern um eine Drag Racing Besonderheit! Beim Burn-out<\/p>\n","protected":false},"author":4,"featured_media":0,"parent":0,"menu_order":0,"comment_status":"open","ping_status":"open","template":"","meta":{"_crdt_document":"","ngg_post_thumbnail":0,"jetpack_post_was_ever_published":false,"footnotes":""},"class_list":["post-396","page","type-page","status-publish","hentry"],"jetpack_shortlink":"https:\/\/wp.me\/P5OaCw-6o","jetpack_sharing_enabled":true,"_links":{"self":[{"href":"https:\/\/www.jade-race.com\/index.php?rest_route=\/wp\/v2\/pages\/396","targetHints":{"allow":["GET"]}}],"collection":[{"href":"https:\/\/www.jade-race.com\/index.php?rest_route=\/wp\/v2\/pages"}],"about":[{"href":"https:\/\/www.jade-race.com\/index.php?rest_route=\/wp\/v2\/types\/page"}],"author":[{"embeddable":true,"href":"https:\/\/www.jade-race.com\/index.php?rest_route=\/wp\/v2\/users\/4"}],"replies":[{"embeddable":true,"href":"https:\/\/www.jade-race.com\/index.php?rest_route=%2Fwp%2Fv2%2Fcomments&post=396"}],"version-history":[{"count":11,"href":"https:\/\/www.jade-race.com\/index.php?rest_route=\/wp\/v2\/pages\/396\/revisions"}],"predecessor-version":[{"id":4801,"href":"https:\/\/www.jade-race.com\/index.php?rest_route=\/wp\/v2\/pages\/396\/revisions\/4801"}],"wp:attachment":[{"href":"https:\/\/www.jade-race.com\/index.php?rest_route=%2Fwp%2Fv2%2Fmedia&parent=396"}],"curies":[{"name":"wp","href":"https:\/\/api.w.org\/{rel}","templated":true}]}}