{"id":346,"date":"2012-04-16T08:10:27","date_gmt":"2012-04-16T07:10:27","guid":{"rendered":"http:\/\/www.jade-race.de\/?page_id=346"},"modified":"2017-02-04T15:13:49","modified_gmt":"2017-02-04T14:13:49","slug":"346-2","status":"publish","type":"page","link":"https:\/\/www.jade-race.com\/?page_id=346","title":{"rendered":"Vorwort"},"content":{"rendered":"<p><!--:de--><\/p>\n<p style=\"text-align: justify;\">Drag Racing ist der wohl schnellste und lauteste Exportschlager der USA. Die Entstehung als Sportart reicht zur\u00fcck bis in die fr\u00fchen 50er Jahre. Damals wurden die ersten Rennen mit getunten stra\u00dfenzugelassenen Autos auf \u00f6ffentlichen Stra\u00dfen ausgetragen. Die amerikanische Hot Rod-Szene gilt als Wiege des Drag Racing.<\/p>\n<p class=\"attachment\"><a title=\"Top Fueler\" href=\"https:\/\/i0.wp.com\/www.jade-race.de\/wp-content\/uploads\/2013\/01\/cox11.jpg\"><img data-recalc-dims=\"1\" loading=\"lazy\" decoding=\"async\" class=\"attachment-medium aligncenter\" title=\"Top Fueler\" src=\"https:\/\/i0.wp.com\/www.jade-race.de\/wp-content\/uploads\/2013\/01\/cox11-300x178.jpg?resize=488%2C288\" alt=\"Top Fueler\" width=\"488\" height=\"288\"><\/a><\/p>\n<p style=\"text-align: justify;\">Der Virus des Drag Racings ist hoch ansteckend und seine Inkubationszeit f\u00e4llt oft k\u00fcrzer aus, als der Lauf eines Blown Alcohol-Dragsters auf der Quartermile. Seit Mitte der 60er begeistert dieser mittlerweile hochprofessionell organisierte Sport auch eine stattliche Fangemeinde in Europa. Im M\u00e4rz 1968 fand das erste offizielle Drag Race in Deutschland statt. Auf der US-Milit\u00e4r Airbase in Ramstein und auf dem Fliegerhorst in Erlensee war f\u00fcr viele Jahre Drag Racing das Sonntagsvergn\u00fcgen amerikanischer Soldaten und voll infizierter Deutsche, die teils noch heute dabei, den Grundstein zu diesem spektakul\u00e4ren Sport in Deutschland legten.<\/p>\n<p style=\"text-align: justify;\">Drag Racing ist Motorsport zum Anfassen. Das Fahrerlager ist f\u00fcr jeden Besucher zug\u00e4nglich. Hier kann man zwischen den Rennen live miterleben, wie die Teams innerhalb k\u00fcrzester Zeit einen Motor komplett zerlegen, reparieren, wieder zusammenbauen und mit \u00f6ligen Ellenbogen unter den teils bis zu 5-lagigen Rennoverall, wieder in der Stage stehen.<\/p>\n<p style=\"text-align: justify;\">Trotz aller High-Tech-Fortschritte wie elektronische Datenerfassung, Windkanal-gestylten Karosserien und den immer komplizierter werdenden Motoren gibt einer am Ende des Rennens den Ausschlag: der Fahrer. Sein Gef\u00fchl, seine Reaktionszeit und seine F\u00e4higkeiten bringen den entscheidenden Vorteil in diesem klassischen Kampf, Mensch und Maschine gegen Mensch und Maschine.<\/p>\n<p style=\"text-align: justify;\">In Mariensiel versuchen wir, den Norden f\u00fcr diesen unseren Sport zu begeistern. Drag Racing ist ein Kr\u00e4ftemessen auf dem Track in sicherer Infrastrukur und hat auf der Strasse nichts zu suchen. Getreu dem Motto \u201eTake it to the Track!\u201c setzen wir alles daran, viele neue Fans zu infizieren und ein St\u00fcck weit an alte Zeiten anzukn\u00fcpfen. Der Norden ist lebendig! Steht daf\u00fcr ein !<\/p>\n<p><!--:--><!--:en--><\/p>\n<p><!--:--><\/p>\n","protected":false},"excerpt":{"rendered":"<p>Drag Racing ist der wohl schnellste und lauteste Exportschlager der USA. Die Entstehung als Sportart reicht zur\u00fcck bis<\/p>\n","protected":false},"author":4,"featured_media":0,"parent":0,"menu_order":0,"comment_status":"open","ping_status":"open","template":"","meta":{"_crdt_document":"","ngg_post_thumbnail":0,"jetpack_post_was_ever_published":false,"footnotes":""},"class_list":["post-346","page","type-page","status-publish","hentry"],"jetpack_shortlink":"https:\/\/wp.me\/P5OaCw-5A","jetpack_sharing_enabled":true,"_links":{"self":[{"href":"https:\/\/www.jade-race.com\/index.php?rest_route=\/wp\/v2\/pages\/346","targetHints":{"allow":["GET"]}}],"collection":[{"href":"https:\/\/www.jade-race.com\/index.php?rest_route=\/wp\/v2\/pages"}],"about":[{"href":"https:\/\/www.jade-race.com\/index.php?rest_route=\/wp\/v2\/types\/page"}],"author":[{"embeddable":true,"href":"https:\/\/www.jade-race.com\/index.php?rest_route=\/wp\/v2\/users\/4"}],"replies":[{"embeddable":true,"href":"https:\/\/www.jade-race.com\/index.php?rest_route=%2Fwp%2Fv2%2Fcomments&post=346"}],"version-history":[{"count":20,"href":"https:\/\/www.jade-race.com\/index.php?rest_route=\/wp\/v2\/pages\/346\/revisions"}],"predecessor-version":[{"id":3006,"href":"https:\/\/www.jade-race.com\/index.php?rest_route=\/wp\/v2\/pages\/346\/revisions\/3006"}],"wp:attachment":[{"href":"https:\/\/www.jade-race.com\/index.php?rest_route=%2Fwp%2Fv2%2Fmedia&parent=346"}],"curies":[{"name":"wp","href":"https:\/\/api.w.org\/{rel}","templated":true}]}}