{"id":3159,"date":"2017-02-05T21:30:14","date_gmt":"2017-02-05T20:30:14","guid":{"rendered":"http:\/\/www.jade-race.com\/?page_id=3159"},"modified":"2025-11-20T18:20:59","modified_gmt":"2025-11-20T17:20:59","slug":"gebeurtenis","status":"publish","type":"page","link":"https:\/\/www.jade-race.com\/?page_id=3159","title":{"rendered":"Veranstaltung"},"content":{"rendered":"<p style=\"text-align: justify;\">Das Motorsport-Events im Norden Deutschlands startet in die n\u00e4chste Runde!<\/p>\n<p style=\"text-align: justify;\">Jedoch ist Runde hier keine Option, denn es geht z\u00fcgig \u00fcber die Gerade \u2013 die \u00bc Meile. Hierzu finden sich rund 200 Teams aus ganz Europa ein, denn schlie\u00dflich handelt es sich hier um das zweitgr\u00f6\u00dften internationale Rennen dieser Art in Deutschland. Die Teilnehmer ziehen mit Fahrzeugen \u00fcber die Startlinie, die teils mehrere tausend Pferdest\u00e4rken besitzen. Ein besonderes Highlight dabei sind die Turbinen Dragster, die mit 15.000 PS und bereits auf dem Jade-Race Rekordzeiten auf der \u00bc Mile (402m) erreichten mit 6,8 Sek. und einer Endgeschwindigkeit von 386 Km\/h. Dann wird der eher beschauliche K\u00fcstenort Mariensiel, in der Gemeinde Sande, direkt vor der Grenze zu Wilhelmshaven, f\u00fcr drei Tage das Mekka f\u00fcr Freunde des Drag Racings.<\/p>\n<p style=\"text-align: justify;\">Hierzu verhilft der Umstand, dass der ehemalige Sielort \u00fcber einen Flugplatz verf\u00fcgt. Die Startbahn des JadeWeserAirports, wird f\u00fcr dieses Wochenende zur Beschleunigungspiste der&nbsp;leistungsstarken Boliden erkl\u00e4rt. Jeweils im Zweikampf wird die 1\/4 Mile (402 Meter) lange&nbsp;Strecke im Sprint hinter sich gebracht.<\/p>\n<p style=\"text-align: justify;\">Hierbei gibt es unterschiedliche Ziele. Zum einen gewinnt, wer am schnellsten war und zum&nbsp;anderen, wer die Zeit, die er sich vorher gesetzt hat, am genauesten erreicht hat.&nbsp;Somit geht es nicht immer nur um Topspeed, sondern auch um Geschick und Feingef\u00fchl.&nbsp;Die Besucher erwartet wieder eine atemberaubende Rennkulisse.<\/p>\n<p style=\"text-align: justify;\">Gro\u00dfz\u00fcgige Zuschauerbereiche erm\u00f6glichen die optimale Sicht auf Start und Ziel. Es ist somit&nbsp;m\u00f6glich, die Starter aus n\u00e4chster N\u00e4he zu beobachten und den schreienden und knallenden&nbsp;Triebwerken dabei zuzusehen, wie sie die R\u00e4der gegen den Asphalt stemmen, den Gummi auf&nbsp;die Piste radieren und beim Burn Out die R\u00e4der zum Quietschen und Qualmen bringen.&nbsp;Langeweile kommt beim Jade Race generell nicht auf, denn es gibt \u00fcberall etwas zu sehen.&nbsp;So wird fast pausenlos im Minutentakt gestartet. Hierbei kommen sowohl Autos, als auch&nbsp;Motorr\u00e4der zum Einsatz. Die Fahrzeuge werden teils regelm\u00e4\u00dfig im t\u00e4glich Stra\u00dfenverkehr&nbsp;bewegt und teils sind sie nur f\u00fcr den Renneinsatz aufgebaut worden. Diese sehen oft so aus,&nbsp;als w\u00e4ren sie aggressive Highspeed-Monster.<\/p>\n<p style=\"text-align: justify;\">Die Fahrer k\u00f6nnen sich \u00fcber die Webseite des Jade-Race anmelden oder wenn nach Nennschluss noch Startpl\u00e4tze frei sind, sich direkt beim Rennen ihren Startplatz buchen.<\/p>\n<p style=\"text-align: justify;\">Die Besucher k\u00f6nnen sich im Fahrerlage umschauen, sich dort in aller Ruhe die motorisierten&nbsp;Kraftprotze anschauen und gelegentlich auch mal das eine oder&nbsp;andere Benzingespr\u00e4ch f\u00fchren. Bis auf die Rennstrecke ist nichts abgesperrt und somit frei&nbsp;zug\u00e4nglich f\u00fcr die tausenden Besucher, die wieder erwartet werden.<\/p>\n<p style=\"text-align: justify;\">Jedoch wird hierbei der Faktor Sicherheit und Streckenqualit\u00e4t besonderes gro\u00df aufgeh\u00e4ngt. Das Rennen ist international ausgeschrieben. Schlie\u00dflich soll niemand zu Schaden kommen, versichert Veranstalter Michael Behrens. Dieser setzt ein gro\u00dfes Team f\u00fcr einen reibungslosen Ablauf ein. Die vielen freiwilligen Helfer sorgen daf\u00fcr, dass alle G\u00e4ste und Teams bestens versorgt werden.&nbsp;<\/p>\n<p style=\"text-align: justify;\">Die bekannte Stimme des Streckensprechers Benni Voss ist wieder am Mikrofon. Dieser moderiert seit Jahren diverse Drag Race Veranstaltungen und gilt als&nbsp;wandelndes Lexikon in der Szene des Dragracing.<\/p>\n<p style=\"text-align: justify;\">Im Cateringbereich gibt es Tee, Kaffee, Softdrinks, leckeres Fr\u00fchst\u00fcck und&nbsp;Kuchen. Ebenso findet man auf dem Gel\u00e4nde zahlreiche St\u00e4nde mit Getr\u00e4nken und Snacks.&nbsp;Auch einige Food Trucks haben sich angemeldet und sorgen f\u00fcr ein ganz besonderes Angebot.<\/p>\n<p style=\"text-align: justify;\">Ebenso steht ein gro\u00dfes Camping-Areal direkt auf dem Flugplatz zur Verf\u00fcgung. Wer sich&nbsp;hierf\u00fcr interessiert, kann sein Ticket bereits vorab online buchen.&nbsp;Somit kann man w\u00e4hrend der ganzen Veranstaltung direkt auf dem Gel\u00e4nde verweilen und&nbsp;somit alles \u201eNon Stop\u201c miterleben.<\/p>\n<p style=\"text-align: justify;\">F\u00fcr Besucher, die mit dem eigenen PKW anreisen, stehen viele Parkl\u00e4tze sowie ein Transfer&nbsp;per Bus zur Verf\u00fcgung. Fahrrad- und Motorradfahrer d\u00fcrfen sogar bis direkt vor die T\u00fcr&nbsp;fahren.<\/p>\n<p style=\"text-align: center;\">&nbsp;<\/p>\n<p style=\"text-align: justify;\">Die Jade-Race Crew freut sich wieder \u00fcber die vielen Fans des Sprintrennens am Jadebusen!<\/p>\n\n\n\n\n","protected":false},"excerpt":{"rendered":"<p>Das Motorsport-Events im Norden Deutschlands startet in die n\u00e4chste Runde! Jedoch ist Runde hier keine Option, denn es<\/p>\n","protected":false},"author":4,"featured_media":0,"parent":0,"menu_order":0,"comment_status":"closed","ping_status":"closed","template":"","meta":{"_crdt_document":"","ngg_post_thumbnail":0,"jetpack_post_was_ever_published":false,"footnotes":""},"class_list":["post-3159","page","type-page","status-publish","hentry"],"jetpack_shortlink":"https:\/\/wp.me\/P5OaCw-OX","jetpack_sharing_enabled":true,"_links":{"self":[{"href":"https:\/\/www.jade-race.com\/index.php?rest_route=\/wp\/v2\/pages\/3159","targetHints":{"allow":["GET"]}}],"collection":[{"href":"https:\/\/www.jade-race.com\/index.php?rest_route=\/wp\/v2\/pages"}],"about":[{"href":"https:\/\/www.jade-race.com\/index.php?rest_route=\/wp\/v2\/types\/page"}],"author":[{"embeddable":true,"href":"https:\/\/www.jade-race.com\/index.php?rest_route=\/wp\/v2\/users\/4"}],"replies":[{"embeddable":true,"href":"https:\/\/www.jade-race.com\/index.php?rest_route=%2Fwp%2Fv2%2Fcomments&post=3159"}],"version-history":[{"count":12,"href":"https:\/\/www.jade-race.com\/index.php?rest_route=\/wp\/v2\/pages\/3159\/revisions"}],"predecessor-version":[{"id":6821,"href":"https:\/\/www.jade-race.com\/index.php?rest_route=\/wp\/v2\/pages\/3159\/revisions\/6821"}],"wp:attachment":[{"href":"https:\/\/www.jade-race.com\/index.php?rest_route=%2Fwp%2Fv2%2Fmedia&parent=3159"}],"curies":[{"name":"wp","href":"https:\/\/api.w.org\/{rel}","templated":true}]}}