{"id":187,"date":"2012-03-15T10:32:00","date_gmt":"2012-03-15T09:32:00","guid":{"rendered":"http:\/\/www.jade-race.de\/?page_id=187"},"modified":"2017-02-04T16:04:19","modified_gmt":"2017-02-04T15:04:19","slug":"videos-2010","status":"publish","type":"page","link":"https:\/\/www.jade-race.com\/?page_id=187","title":{"rendered":"Videos 2010"},"content":{"rendered":"<p>Im Web gibt es mittlerweile unz\u00e4hlige Videoclips vom Jade-Airportrace 2010. Wir k\u00f6nnen Euch unm\u00f6glich alle zeigen. Daher haben wir eine kleine Auswahl getroffen, von denen wir denken, dass sie Euch gefallen. Viel Spa\u00df damit!<\/p>\n<p>&#8220;Vorsichtiger&#8221; Probelauf auf feuchter Strecke: Startnummer 229 Jens K\u00f6nnecke auf Chevrolet Chevelle Malibu, Baujahr 1967<\/p>\n<p>\n<object width=\"425\" height=\"344\">\n<param name=\"movie\" value=\"http:\/\/www.youtube.com\/v\/dUU-5OHMti8?version=3&amp;theme=dark&amp;fs=0&amp;cc_load_policy=1&amp;iv_load_policy=1&amp;modestbranding=0\"><\/param>\n<param name=\"allowScriptAccess\" value=\"always\"><\/param>\n<embed src=\"http:\/\/www.youtube.com\/v\/dUU-5OHMti8?version=3&amp;theme=dark&amp;fs=0&amp;cc_load_policy=1&amp;iv_load_policy=1&amp;modestbranding=0\" type=\"application\/x-shockwave-flash\" allowScriptAccess=\"always\" width=\"425\" height=\"344\"><\/embed>\n<\/object>\n<\/p>\n<p>&nbsp;<\/p>\n<p>Oldschool vs Newschool: Startnummer 245 Micheal Busch auf Dodge Dart Baujahr 1972 gegen Startnummer 3131 Dirk Lange auf Golf 3 Liter Turbo Baujahr 1983<\/p>\n<p>\n<object width=\"425\" height=\"344\">\n<param name=\"movie\" value=\"http:\/\/www.youtube.com\/v\/zqP7-sQl4vQ?version=3&amp;theme=dark&amp;fs=0&amp;cc_load_policy=1&amp;iv_load_policy=1&amp;modestbranding=0\"><\/param>\n<param name=\"allowScriptAccess\" value=\"always\"><\/param>\n<embed src=\"http:\/\/www.youtube.com\/v\/zqP7-sQl4vQ?version=3&amp;theme=dark&amp;fs=0&amp;cc_load_policy=1&amp;iv_load_policy=1&amp;modestbranding=0\" type=\"application\/x-shockwave-flash\" allowScriptAccess=\"always\" width=\"425\" height=\"344\"><\/embed>\n<\/object>\n<\/p>\n<p>&nbsp;<\/p>\n<p>Inboard Camera Ford Capri in 13,81 Sekunden (Hut ab!)<\/p>\n<p>\n<object width=\"425\" height=\"344\">\n<param name=\"movie\" value=\"http:\/\/www.youtube.com\/v\/XBiaZ1ps0c4?version=3&amp;theme=dark&amp;fs=0&amp;cc_load_policy=1&amp;iv_load_policy=1&amp;modestbranding=0\"><\/param>\n<param name=\"allowScriptAccess\" value=\"always\"><\/param>\n<embed src=\"http:\/\/www.youtube.com\/v\/XBiaZ1ps0c4?version=3&amp;theme=dark&amp;fs=0&amp;cc_load_policy=1&amp;iv_load_policy=1&amp;modestbranding=0\" type=\"application\/x-shockwave-flash\" allowScriptAccess=\"always\" width=\"425\" height=\"344\"><\/embed>\n<\/object>\n<\/p>\n<p>&nbsp;<\/p>\n<p>Unser Teaser Video zum Jade-Airportrace 2010<\/p>\n<p>\n<object width=\"425\" height=\"344\">\n<param name=\"movie\" value=\"http:\/\/www.youtube.com\/v\/0gC4nNMkZPw?version=3&amp;theme=dark&amp;fs=0&amp;cc_load_policy=1&amp;iv_load_policy=1&amp;modestbranding=0\"><\/param>\n<param name=\"allowScriptAccess\" value=\"always\"><\/param>\n<embed src=\"http:\/\/www.youtube.com\/v\/0gC4nNMkZPw?version=3&amp;theme=dark&amp;fs=0&amp;cc_load_policy=1&amp;iv_load_policy=1&amp;modestbranding=0\" type=\"application\/x-shockwave-flash\" allowScriptAccess=\"always\" width=\"425\" height=\"344\"><\/embed>\n<\/object>\n<\/p>\n<p>&nbsp;<\/p>\n<p>Ein Renntag im Zeitraffer: Der Renntag aus der Perspektive des Towers. Die Webcam-Fotos hat uns der JadeWeserAIRPORT freundlicherweise zur Verf\u00fcgung gestellt. Unser besonderer Dank gilt Ludwig Jan\u00dfen f\u00fcr seine Unterst\u00fctzung!<\/p>\n<p>\n<object width=\"425\" height=\"344\">\n<param name=\"movie\" value=\"http:\/\/www.youtube.com\/v\/T37XsUuOHLg?version=3&amp;theme=dark&amp;fs=0&amp;cc_load_policy=1&amp;iv_load_policy=1&amp;modestbranding=0\"><\/param>\n<param name=\"allowScriptAccess\" value=\"always\"><\/param>\n<embed src=\"http:\/\/www.youtube.com\/v\/T37XsUuOHLg?version=3&amp;theme=dark&amp;fs=0&amp;cc_load_policy=1&amp;iv_load_policy=1&amp;modestbranding=0\" type=\"application\/x-shockwave-flash\" allowScriptAccess=\"always\" width=\"425\" height=\"344\"><\/embed>\n<\/object>\n<\/p>\n","protected":false},"excerpt":{"rendered":"<p>Im Web gibt es mittlerweile unz\u00e4hlige Videoclips vom Jade-Airportrace 2010. Wir k\u00f6nnen Euch unm\u00f6glich alle zeigen. Daher haben<\/p>\n","protected":false},"author":1,"featured_media":0,"parent":0,"menu_order":0,"comment_status":"open","ping_status":"open","template":"","meta":{"_crdt_document":"","ngg_post_thumbnail":0,"jetpack_post_was_ever_published":false,"footnotes":""},"class_list":["post-187","page","type-page","status-publish","hentry"],"jetpack_shortlink":"https:\/\/wp.me\/P5OaCw-31","jetpack_sharing_enabled":true,"_links":{"self":[{"href":"https:\/\/www.jade-race.com\/index.php?rest_route=\/wp\/v2\/pages\/187","targetHints":{"allow":["GET"]}}],"collection":[{"href":"https:\/\/www.jade-race.com\/index.php?rest_route=\/wp\/v2\/pages"}],"about":[{"href":"https:\/\/www.jade-race.com\/index.php?rest_route=\/wp\/v2\/types\/page"}],"author":[{"embeddable":true,"href":"https:\/\/www.jade-race.com\/index.php?rest_route=\/wp\/v2\/users\/1"}],"replies":[{"embeddable":true,"href":"https:\/\/www.jade-race.com\/index.php?rest_route=%2Fwp%2Fv2%2Fcomments&post=187"}],"version-history":[{"count":6,"href":"https:\/\/www.jade-race.com\/index.php?rest_route=\/wp\/v2\/pages\/187\/revisions"}],"predecessor-version":[{"id":3082,"href":"https:\/\/www.jade-race.com\/index.php?rest_route=\/wp\/v2\/pages\/187\/revisions\/3082"}],"wp:attachment":[{"href":"https:\/\/www.jade-race.com\/index.php?rest_route=%2Fwp%2Fv2%2Fmedia&parent=187"}],"curies":[{"name":"wp","href":"https:\/\/api.w.org\/{rel}","templated":true}]}}